{"id":50906,"date":"2018-01-19T09:55:56","date_gmt":"2018-01-19T14:55:56","guid":{"rendered":"http:\/\/www.themapleman.ca\/?page_id=50906"},"modified":"2018-01-19T12:56:50","modified_gmt":"2018-01-19T17:56:50","slug":"about-us","status":"publish","type":"page","link":"https:\/\/www.themapleman.ca\/en\/about-us\/","title":{"rendered":"About Us"},"content":{"rendered":"<div class=\"wpb-content-wrapper\"><p>[vc_row row_type=&#8221;row&#8221; use_row_as_full_screen_section=&#8221;no&#8221; type=&#8221;full_width&#8221; oblique_section=&#8221;no&#8221; text_align=&#8221;left&#8221; css_animation=&#8221;&#8221; box_shadow_on_row=&#8221;no&#8221;][vc_column width=&#8221;1\/2&#8243;][vc_empty_space height=&#8221;15px&#8221; image_repeat=&#8221;no-repeat&#8221;][vc_column_text]<\/p>\n<h2><strong>The Never-Ending Story<\/strong><\/h2>\n<p>[\/vc_column_text][vc_separator type=&#8221;transparent&#8221; up=&#8221;32&#8243;][vc_column_text]<strong>The Discovery of Maple Syrup in Canada<\/strong>[\/vc_column_text][vc_empty_space height=&#8221;15px&#8221; image_repeat=&#8221;no-repeat&#8221;][vc_column_text]The first North American immigrants were pioneers who observed that certains animals, such as red squirrels, would lick the sweet sap running from the broken branches of maple trees. This story, handed down from the original settlers, inspired the Jesuits, who disseminated many First Nations legends. Many missionaries, among them Andr\u00e9 Th\u00e9vet, benefited from First Nations traditions, including the one using the sweet sap from a certain tree named <em>michtan<\/em> around 1558.[\/vc_column_text][vc_empty_space height=&#8221;15px&#8221; image_repeat=&#8221;no-repeat&#8221;][vc_column_text]Only in 1685 was maple sugar spoken of for the first time. And only at the end of the 17<sup>th<\/sup> century did maple sugar production slowly start to infiltrate the Canadian way of life. It would take another century before maple syrup became a staple of the Canadian kitchen.[\/vc_column_text][vc_empty_space height=&#8221;15px&#8221; image_repeat=&#8221;no-repeat&#8221;][vc_column_text]When the French singer\/songwriter Albert Larrieu came to Canada in May 1917, he summed up his experiences at the Sugar Shack in various songs, entitled <em>La tire (Maple Taffy), Les cr\u00eapes (Crepes), La cabane \u00e0 sucre (Sugar Shack), La feuille d&#8217;\u00e9rable (Maple Leaf)<\/em>. All of which deal with a similar them: the maple tree.[\/vc_column_text][\/vc_column][vc_column width=&#8221;1\/2&#8243;][vc_empty_space height=&#8221;15px&#8221; image_repeat=&#8221;no-repeat&#8221;][vc_gallery interval=&#8221;3&#8243; images=&#8221;50759,50761,50762,50764,50766,50763,50768,50769,50767&#8243; img_size=&#8221;535&#215;535&#8243;][\/vc_column][\/vc_row][vc_row row_type=&#8221;row&#8221; use_row_as_full_screen_section=&#8221;no&#8221; type=&#8221;grid&#8221; oblique_section=&#8221;no&#8221; text_align=&#8221;left&#8221; padding_top=&#8221;87&#8243; padding_bottom=&#8221;30&#8243; css_animation=&#8221;&#8221; box_shadow_on_row=&#8221;no&#8221; triangle_shape=&#8221;no&#8221; triangle_shape_position=&#8221;both&#8221;][vc_column][vc_text_separator title=&#8221;REN\u00c9 TURMEL&#8221; text_in_box=&#8221;yes&#8221; text_position=&#8221;center&#8221; box_border_style=&#8221;solid&#8221; line_border_style=&#8221;solid&#8221; down=&#8221;15&#8243; line_dots=&#8221;no&#8221;][vc_separator type=&#8221;transparent&#8221; up=&#8221;32&#8243;][vc_column_text]Following in the footsteps of his ancestors, Ren\u00e9 Turmel, alias the Maple Man, discovered the West just as his predecessors did. A third-generation maple producer from the Turmel family, Ren\u00e9 returned to work in British Columbia every year. Once he understood the temperature, mountains, lakes, fruits, as well as the ambience in summer, Ren\u00e9 chose the Okanagan Valley as home. For the past 20 years, he has criss-crossed the Canadian West, sometimes planting trees, sometimes picking fruit. Today, he continues his Western journey by sharing his passion for the maple tree, still considered a mystery by many British Columbians.[\/vc_column_text][vc_empty_space height=&#8221;15px&#8221; image_repeat=&#8221;no-repeat&#8221;][vc_column_text]Thanks to his business <strong>La Grande Coul\u00e9e\/The Maple Man<\/strong>, Ren\u00e9 has been touring Canada for the past five years with his traveling show, spreading his knowledge across the country about traditional sugar shacks.[\/vc_column_text][vc_empty_space height=&#8221;15px&#8221; image_repeat=&#8221;no-repeat&#8221;][\/vc_column][\/vc_row][vc_row row_type=&#8221;row&#8221; use_row_as_full_screen_section=&#8221;no&#8221; type=&#8221;grid&#8221; oblique_section=&#8221;no&#8221; text_align=&#8221;left&#8221; padding_top=&#8221;87&#8243; padding_bottom=&#8221;30&#8243; css_animation=&#8221;&#8221; box_shadow_on_row=&#8221;no&#8221; triangle_shape=&#8221;no&#8221; triangle_shape_position=&#8221;both&#8221;][vc_column][vc_text_separator title=&#8221;THE MAPLE MAN&#8221; text_in_box=&#8221;yes&#8221; text_position=&#8221;center&#8221; box_border_style=&#8221;solid&#8221; line_border_style=&#8221;solid&#8221; down=&#8221;15&#8243; line_dots=&#8221;no&#8221;][vc_separator type=&#8221;transparent&#8221; up=&#8221;32&#8243;][vc_column_text]<strong>The Maple Man, the Man Behind the Legend&#8230;<\/strong>[\/vc_column_text][vc_empty_space height=&#8221;15px&#8221; image_repeat=&#8221;no-repeat&#8221;][vc_column_text]I discovered the maple grove when I was twelve years old. Since then, I have read a lot of books on the maple tree. In everything I&#8217;ve read, they say it&#8217;s a generous tree which, thanks to its multiple attributes, supplies not only sweet water that can be concentrated into syrup, but also wood that can be used in all sorts of ways. Whether it&#8217;s for rail ties, pieces of furniture, kitchen cabinets, or even for building bowling alleys or musical instruments, like the violin, where the bottom of the case is always made from maple wood, this very emblematic Canadian tree is also a very necessary one.[\/vc_column_text][vc_empty_space height=&#8221;15px&#8221; image_repeat=&#8221;no-repeat&#8221;][vc_column_text]I&#8217;ve paid particular attention to the benefits of the maple tree. From my earliest days, my passion for maple syrup harvesting has only gotten deeper. Day after day, harvest after harvest, my flame burns ever more brightly for the maple tree, which, by its truly regal natural beauty, has given me so much happiness. Anyway, nowadays I like to define myself as a lover of the tree which helped me to grow, to evolve to the point where I am now living my dream of being an artisan on the cutting edge of everything produced from this sap that has earned worldwide respect.[\/vc_column_text][vc_empty_space height=&#8221;15px&#8221; image_repeat=&#8221;no-repeat&#8221;][vc_column_text]When I walk in a well-maintained maple forest, I enjoy breathing in the pure odours coming off the trees, odours which give me a profound sense of well-being. Everything seems calm and beautiful, my relaxed heart beats at its best, and my mind daydreams happily. When I settle in to my sugar shack to bring to a boil tons and tons of sap, my body warms itself nicely by the evaporator&#8217;s fire, and my face gets nicely steamed by the sweet vapours rising like clouds up to the ceiling.[\/vc_column_text][vc_empty_space height=&#8221;15px&#8221; image_repeat=&#8221;no-repeat&#8221;][vc_column_text]Moments of complete fullness. If I&#8217;m alone, I&#8217;m happy in a way that&#8217;s hard to define. If I&#8217;m with others I&#8217;ve invited for a sugaring-off party, my joy is even deeper and even harder to define.[\/vc_column_text][vc_empty_space height=&#8221;15px&#8221; image_repeat=&#8221;no-repeat&#8221;][vc_column_text]Which is to say that, for a simple maple tree to give me the means to make syrup, maple sugar and a golden taffy that people adore, it&#8217;s worth all the work and effort I put into it. Then again, why speak of work when you have a passion inside of you that since childhood has only gotten deeper and deeper&#8230;?[\/vc_column_text][vc_empty_space height=&#8221;15px&#8221; image_repeat=&#8221;no-repeat&#8221;][\/vc_column][\/vc_row]<\/p>\n<\/div>","protected":false},"excerpt":{"rendered":"<p>[vc_row row_type=&#8221;row&#8221; use_row_as_full_screen_section=&#8221;no&#8221; type=&#8221;full_width&#8221; oblique_section=&#8221;no&#8221; text_align=&#8221;left&#8221; css_animation=&#8221;&#8221; box_shadow_on_row=&#8221;no&#8221;][vc_column width=&#8221;1\/2&#8243;][vc_empty_space height=&#8221;15px&#8221; image_repeat=&#8221;no-repeat&#8221;][vc_column_text] The Never-Ending Story [\/vc_column_text][vc_separator type=&#8221;transparent&#8221; up=&#8221;32&#8243;][vc_column_text]The Discovery of Maple Syrup in Canada[\/vc_column_text][vc_empty_space height=&#8221;15px&#8221; image_repeat=&#8221;no-repeat&#8221;][vc_column_text]The first North American immigrants were pioneers who observed that certains animals, such as red squirrels, would lick the sweet sap running from the broken branches of maple trees. This story, handed down from the original settlers, inspired the Jesuits, who disseminated many First Nations legends. Many missionaries, among them Andr\u00e9 Th\u00e9vet, benefited from First Nations traditions, including the one using the sweet sap from a certain tree named michtan around 1558.[\/vc_column_text][vc_empty_space height=&#8221;15px&#8221; image_repeat=&#8221;no-repeat&#8221;][vc_column_text]Only in 1685 was maple sugar spoken of for the first time. And only at the end of the 17th century did maple sugar production slowly start to infiltrate the Canadian way of&#8230;<\/p>\n","protected":false},"author":1,"featured_media":0,"parent":0,"menu_order":0,"comment_status":"closed","ping_status":"closed","template":"","meta":{"footnotes":""},"class_list":["post-50906","page","type-page","status-publish","hentry"],"_links":{"self":[{"href":"https:\/\/www.themapleman.ca\/en\/wp-json\/wp\/v2\/pages\/50906","targetHints":{"allow":["GET"]}}],"collection":[{"href":"https:\/\/www.themapleman.ca\/en\/wp-json\/wp\/v2\/pages"}],"about":[{"href":"https:\/\/www.themapleman.ca\/en\/wp-json\/wp\/v2\/types\/page"}],"author":[{"embeddable":true,"href":"https:\/\/www.themapleman.ca\/en\/wp-json\/wp\/v2\/users\/1"}],"replies":[{"embeddable":true,"href":"https:\/\/www.themapleman.ca\/en\/wp-json\/wp\/v2\/comments?post=50906"}],"version-history":[{"count":4,"href":"https:\/\/www.themapleman.ca\/en\/wp-json\/wp\/v2\/pages\/50906\/revisions"}],"predecessor-version":[{"id":50938,"href":"https:\/\/www.themapleman.ca\/en\/wp-json\/wp\/v2\/pages\/50906\/revisions\/50938"}],"wp:attachment":[{"href":"https:\/\/www.themapleman.ca\/en\/wp-json\/wp\/v2\/media?parent=50906"}],"curies":[{"name":"wp","href":"https:\/\/api.w.org\/{rel}","templated":true}]}}